{"id":28,"date":"2020-05-24T21:02:15","date_gmt":"2020-05-24T21:02:15","guid":{"rendered":"https:\/\/groutexproductos.com\/wp\/alianzas\/poliurea\/"},"modified":"2020-06-10T05:46:30","modified_gmt":"2020-06-10T05:46:30","slug":"poliurea","status":"publish","type":"page","link":"https:\/\/groutexproductos.com\/wp\/alianzas\/poliurea\/","title":{"rendered":"Poliurea"},"content":{"rendered":"\n<div class=\"art-content-layout\">\n<div class=\"art-content-layout-row\">\n<div class=\"art-layout-cell\" style=\"width: 100%;\">\n<p><img loading=\"lazy\" decoding=\"async\" class=\"\" style=\"float: left; border-width: 0px;\" src=\"https:\/\/groutexproductos.com\/wp\/wp-content\/uploads\/2020\/05\/01-poliurea.jpg\" alt=\"\" width=\"145\" height=\"112\"><span style=\"color: #636363; font-family: Tahoma, Arial, Helvetica, sans-serif; font-size: 16px;\">Las Poliureas son unos pol\u00edmeros sint\u00e9ticos que obtenido de la reacci\u00f3n de una diamina con un disocianato, esta reacci\u00f3n de polimerizaci\u00f3n es muy parecida a la del poliuretano, pero en el caso de la Poliurea el enlace resultante es de tipo \u00aburea\u00bb. Con este enlace conseguimos que desde la estructura molecular se genere una insensibilidad a la humedad, lo que convierte a la Poliurea en la mejor membrana impermeable.<\/span><\/p>\n<\/div>\n<\/div>\n<\/div>\n\n\n\n<div class=\"art-content-layout layout-item-0\">\n<div class=\"art-content-layout-row\">\n<div class=\"art-layout-cell\" style=\"width: 50%;\">\n<h3><span style=\"color: #755c00; font-size: 14px;\">Arom\u00e1ticas Puras &nbsp;<\/span><\/h3>\n<p><span style=\"font-weight: bold; color: #3b3b3b;\">CosmoCoat PS.007&nbsp;<\/span><br><span style=\"color: #3b3b3b;\">Poliurea pura arom\u00e1tica elongable<\/span><\/p>\n<p>Membrana el\u00e1stica para protecci\u00f3n e impermeabilizaci\u00f3n en soportes sometidos a movimientos estructurales y se requiera una membrana con gran elongaci\u00f3n.<\/p>\n<p><span style=\"font-weight: bold; color: #3b3b3b;\">CosmoCoat PS.008&nbsp;<\/span><br><span style=\"color: #3b3b3b;\">Poliurea pura arom\u00e1tica flexible<\/span><\/p>\n<p>Membrana el\u00e1stica a base de Poliurea pura para protecci\u00f3n e impermeabilizaci\u00f3n de losas de hormig\u00f3n, cubiertas y terrazas.<\/p>\n<p><span style=\"font-weight: bold;\">CosmoCoat PS.010<\/span><br><span style=\"color: #3b3b3b;\">Poliurea pura arom\u00e1tica autonivelante<\/span><\/p>\n<p>Recubrimiento autonivelante para protecci\u00f3n e impermeabilizaci\u00f3n de pavimentos de hormig\u00f3n.<\/p>\n<p><span style=\"font-weight: bold;\">CosmoCoat PS.H2O&nbsp;<\/span><br><span style=\"color: #3b3b3b;\">Poliurea pura arom\u00e1tica para agua potable<\/span><\/p>\n<p>Membrana el\u00e1stica a base de poliurea para impermeabilizaci\u00f3n de dep\u00f3sitos de agua potable.<\/p>\n<p><span style=\"font-weight: bold;\">CosmoCoat PS.100.N&nbsp;<\/span><br><span style=\"color: #3b3b3b;\">Poliurea ar\u00f3matica semirr\u00edgida<\/span><\/p>\n<p>Poliurea pura arom\u00e1tica para medios acu\u00e1ticos salinos, para protecci\u00f3n e impermeabilizaci\u00f3n naval.<\/p>\n<p><span style=\"font-weight: bold;\">CosmoCoat PS.999<\/span><br><span style=\"color: #3b3b3b;\">Poliurea pura arom\u00e1tica de alta resistencia qu\u00edmica<\/span><\/p>\n<p>Membrana a base de Poliurea pura para protecci\u00f3n de cubetos de retenci\u00f3n y de alta resistencia qu\u00edmica.<\/p>\n<\/div>\n<div class=\"art-layout-cell\" style=\"width: 50%;\">\n<h4><span style=\"color: #755c00;\">\u00bfQu\u00e9 son las Poliureas CosmoCoat?<\/span><\/h4>\n<p>Las Poliureas CosmoCoat son unos pol\u00edmeros sint\u00e9ticos que obtenido de la reacci\u00f3n de una amina con un isocianato, esta reacci\u00f3n de polimerizaci\u00f3n es muy parecida a la del poliuretano, pero en el caso de la Poliurea el enlace resultante es de tipo \u00aburea\u00bb, por esto es llamada Poliurea. Con este enlace conseguimos que desde la estructura molecular se genere una insensibilidad a la humedad, lo que convierte a la Poliurea en la mejor membrana impermeable.<\/p>\n<p>La reacci\u00f3n general de las poliureas involucra un isocianato y una amina; por lo tanto los diferentes pol\u00edmeros obtenidos depender\u00e1n del n\u00famero y tipo de grupos presentes entre los grupos amino de la diamina y los grupos Isocianato. Existe un gran diferencia entre la Poliurea, el Poliuretano y un \u00abH\u00edbrido\u00bb (mezcla de ambas). Mec\u00e1nica y qu\u00edmicamente presentan comportamientos muy distintos, la Poliurea puede alcanzar grandes elongaciones y resistencia a la abrasi\u00f3n, mientras que el poliuretano posee gran resitencia qu\u00edmica.<\/p>\n<p>Desde el punto de vista de la estructura molecular, la poliurea es aquella generada s\u00f3lo por la uni\u00f3n de diisocianatos y aminas en la reacci\u00f3n formando el enlace urea, cuando existen tambi\u00e9n enlaces poliol, se tiene el producto \u00abh\u00edbrido\u00bb, mientras que si solo se tienen enlaces poliol el producto es llamado poliuretano. Las poliureas pueden ser clasificadas en alif\u00e1ticas o arom\u00e1ticas seg\u00fan sea su estructura qu\u00edmica.<\/p>\n<\/div>\n<\/div>\n<\/div>\n\n\n\n<div class=\"art-content-layout layout-item-0\">\n<div class=\"art-content-layout-row\">\n<div class=\"art-layout-cell\" style=\"width: 50%;\">&nbsp;<\/div>\n<div class=\"art-layout-cell\" style=\"width: 50%;\">\n<p style=\"text-align: center;\">&nbsp;<a class=\"art-button\" href=\"https:\/\/groutexproductos.com\/wp\/alianzas\/poliurea-en-frio\/\" rel=\"noopener noreferrer\">Poliurea en fr\u00edo<\/a><\/p>\n<\/div>\n<\/div>\n<\/div>\n","protected":false},"excerpt":{"rendered":"<p>Las Poliureas son unos pol\u00edmeros sint\u00e9ticos que obtenido de la reacci\u00f3n de una diamina con un disocianato, esta reacci\u00f3n de polimerizaci\u00f3n es muy parecida a la del poliuretano, pero en el caso de la Poliurea el enlace resultante es de tipo \u00aburea\u00bb. Con este enlace conseguimos que desde la estructura molecular se genere una insensibilidad [&hellip;]<\/p>\n","protected":false},"author":1,"featured_media":0,"parent":26,"menu_order":7,"comment_status":"closed","ping_status":"closed","template":"","meta":{"footnotes":""},"class_list":["post-28","page","type-page","status-publish","hentry"],"_links":{"self":[{"href":"https:\/\/groutexproductos.com\/wp\/wp-json\/wp\/v2\/pages\/28","targetHints":{"allow":["GET"]}}],"collection":[{"href":"https:\/\/groutexproductos.com\/wp\/wp-json\/wp\/v2\/pages"}],"about":[{"href":"https:\/\/groutexproductos.com\/wp\/wp-json\/wp\/v2\/types\/page"}],"author":[{"embeddable":true,"href":"https:\/\/groutexproductos.com\/wp\/wp-json\/wp\/v2\/users\/1"}],"replies":[{"embeddable":true,"href":"https:\/\/groutexproductos.com\/wp\/wp-json\/wp\/v2\/comments?post=28"}],"version-history":[{"count":2,"href":"https:\/\/groutexproductos.com\/wp\/wp-json\/wp\/v2\/pages\/28\/revisions"}],"predecessor-version":[{"id":210,"href":"https:\/\/groutexproductos.com\/wp\/wp-json\/wp\/v2\/pages\/28\/revisions\/210"}],"up":[{"embeddable":true,"href":"https:\/\/groutexproductos.com\/wp\/wp-json\/wp\/v2\/pages\/26"}],"wp:attachment":[{"href":"https:\/\/groutexproductos.com\/wp\/wp-json\/wp\/v2\/media?parent=28"}],"curies":[{"name":"wp","href":"https:\/\/api.w.org\/{rel}","templated":true}]}}